{"id":666,"date":"2013-11-17T14:40:58","date_gmt":"2013-11-17T14:40:58","guid":{"rendered":"http:\/\/tatjanailic.rs\/?page_id=666"},"modified":"2013-11-27T22:11:36","modified_gmt":"2013-11-27T22:11:36","slug":"rad-urbani-klosar-u-muzeju-revolucije-savremene-umetnosti-u-okviru-izlozbe-cetiri-majstora-iz-nekadasnje-klase-jannisa-kounellisa-christiane-lohr-sandra-voets-harald-hofmann-tatjana-ilic","status":"publish","type":"page","link":"https:\/\/tatjanailic.rs\/?page_id=666","title":{"rendered":"Rad &#8220;Urbani klo\u0161ar u muzeju revolucije \/ savremene umetnosti&#8221;, u okviru izlo\u017ebe \u010detiri majstora iz nekada\u0161nje klase Jannisa Kounellisa (Christiane L\u00f6hr, Sandra Voets, Harald Hofmann, Tatjana Ili\u0107) &#8220;Stehend Gehend&#8221;, Muzej savremene umetnosti, Novi Sad, 2005."},"content":{"rendered":"<script>fsg_json['fsg_post_666'] = [\n{id: 1314, image: 'https:\/\/tatjanailic.rs\/wp-content\/uploads\/2013\/11\/SCAN1496_Page_28.jpg', extlink: '', thumb: 'https:\/\/tatjanailic.rs\/wp-content\/uploads\/2013\/11\/SCAN1496_Page_28-150x150.jpg', permalink: '<div class=\"galleria-layeritem\"><a title=\"Permalink\" href=\"https:\/\/tatjanailic.rs\/?page_id=666#1314\"><div class=\"galleria-link-bookmark\"><\/div><\/a><\/div>', layer: '<div class=\"galleria-infolayer\"><div class=\"galleria-layeritem\" style=\"padding-right: 20px;\"><h1>Katalog izlo\u017ebe sa dijalogom dva umetnika, Tatjana Ili\u0107-Harald Hofmann, i tekstovima i stranicama o radu umetnice Sandre Voets I umetnice Christiane L\u00f6hr. 2005.<\/h1><\/div><div class=\"galleria-layeritem\"><a title=\"Permalink\" href=\"https:\/\/tatjanailic.rs\/?page_id=666#1314\"><div class=\"galleria-link-bookmark\"><\/div><\/a><\/div><div class=\"galleria-layeritem\" style=\"padding-right: 20px;\"><\/div>'},\n{id: 667, image: 'https:\/\/tatjanailic.rs\/wp-content\/uploads\/2013\/11\/147.jpg', extlink: '', thumb: 'https:\/\/tatjanailic.rs\/wp-content\/uploads\/2013\/11\/147-150x150.jpg', permalink: '<div class=\"galleria-layeritem\"><a title=\"Permalink\" href=\"https:\/\/tatjanailic.rs\/?page_id=666#667\"><div class=\"galleria-link-bookmark\"><\/div><\/a><\/div>', layer: '<div class=\"galleria-infolayer\"><div class=\"galleria-layeritem\" style=\"padding-right: 20px;\"><h1>Rad \\\"Urbani klo\u0161ar u muzeju revolucije \/ savremene umetnosti\\\", u okviru izlo\u017ebe \u010detiri majstora iz nekada\u0161nje klase Jannisa Kounellisa (Christiane L\u00f6hr, Sandra Voets, Harald Hofmann, Tatjana Ili\u0107) \\\"Stehend Gehend\\\", Muzej savremene umetnosti, Novi Sad, 2005.<\/h1><\/div><div class=\"galleria-layeritem\"><a title=\"Permalink\" href=\"https:\/\/tatjanailic.rs\/?page_id=666#667\"><div class=\"galleria-link-bookmark\"><\/div><\/a><\/div><div class=\"galleria-layeritem\" style=\"padding-right: 20px;\"><\/div>'},\n{id: 668, image: 'https:\/\/tatjanailic.rs\/wp-content\/uploads\/2013\/11\/220.jpg', extlink: '', thumb: 'https:\/\/tatjanailic.rs\/wp-content\/uploads\/2013\/11\/220-150x150.jpg', permalink: '<div class=\"galleria-layeritem\"><a title=\"Permalink\" href=\"https:\/\/tatjanailic.rs\/?page_id=666#668\"><div class=\"galleria-link-bookmark\"><\/div><\/a><\/div>', layer: '<div class=\"galleria-infolayer\"><div class=\"galleria-layeritem\" style=\"padding-right: 20px;\"><h1>Rad \\\"Urbani klo\u0161ar u muzeju revolucije \/ savremene umetnosti\\\", u okviru izlo\u017ebe \u010detiri majstora iz nekada\u0161nje klase Jannisa Kounellisa (Christiane L\u00f6hr, Sandra Voets, Harald Hofmann, Tatjana Ili\u0107) \\\"Stehend Gehend\\\", Muzej savremene umetnosti, Novi Sad, 2005.<\/h1><\/div><div class=\"galleria-layeritem\"><a title=\"Permalink\" href=\"https:\/\/tatjanailic.rs\/?page_id=666#668\"><div class=\"galleria-link-bookmark\"><\/div><\/a><\/div><div class=\"galleria-layeritem\" style=\"padding-right: 20px;\"><\/div>'},\n{id: 669, image: 'https:\/\/tatjanailic.rs\/wp-content\/uploads\/2013\/11\/318.jpg', extlink: '', thumb: 'https:\/\/tatjanailic.rs\/wp-content\/uploads\/2013\/11\/318-150x150.jpg', permalink: '<div class=\"galleria-layeritem\"><a title=\"Permalink\" href=\"https:\/\/tatjanailic.rs\/?page_id=666#669\"><div class=\"galleria-link-bookmark\"><\/div><\/a><\/div>', layer: '<div class=\"galleria-infolayer\"><div class=\"galleria-layeritem\" style=\"padding-right: 20px;\"><h1>Rad \\\"Urbani klo\u0161ar u muzeju revolucije \/ savremene umetnosti\\\", u okviru izlo\u017ebe \u010detiri majstora iz nekada\u0161nje klase Jannisa Kounellisa (Christiane L\u00f6hr, Sandra Voets, Harald Hofmann, Tatjana Ili\u0107) \\\"Stehend Gehend\\\", Muzej savremene umetnosti, Novi Sad, 2005.<\/h1><\/div><div class=\"galleria-layeritem\"><a title=\"Permalink\" href=\"https:\/\/tatjanailic.rs\/?page_id=666#669\"><div class=\"galleria-link-bookmark\"><\/div><\/a><\/div><div class=\"galleria-layeritem\" style=\"padding-right: 20px;\"><\/div>'},\n{id: 670, image: 'https:\/\/tatjanailic.rs\/wp-content\/uploads\/2013\/11\/417.jpg', extlink: '', thumb: 'https:\/\/tatjanailic.rs\/wp-content\/uploads\/2013\/11\/417-150x150.jpg', permalink: '<div class=\"galleria-layeritem\"><a title=\"Permalink\" href=\"https:\/\/tatjanailic.rs\/?page_id=666#670\"><div class=\"galleria-link-bookmark\"><\/div><\/a><\/div>', layer: '<div class=\"galleria-infolayer\"><div class=\"galleria-layeritem\" style=\"padding-right: 20px;\"><h1>Tribina nakon otvaranja izlo\u017ebe. Na fotografiji : Jannis Kounellis, Harald Hofmann, Marijana Cvetkovi\u0107, Tatjana Ili\u0107.<\/h1><\/div><div class=\"galleria-layeritem\"><a title=\"Permalink\" href=\"https:\/\/tatjanailic.rs\/?page_id=666#670\"><div class=\"galleria-link-bookmark\"><\/div><\/a><\/div><div class=\"galleria-layeritem\" style=\"padding-right: 20px;\"><\/div>'}\n];<\/script>\n\n\t\t<style type=\"text\/css\">\n\t\t\t#gallery-1 {\n\t\t\t\tmargin: auto;\n\t\t\t}\n\t\t\t#gallery-1 .gallery-item {\n\t\t\t\tfloat: left;\n\t\t\t\tmargin-top: 10px;\n\t\t\t\ttext-align: center;\n\t\t\t\twidth: 33%;\n\t\t\t}\n\t\t\t#gallery-1 img {\n\t\t\t\tborder: 2px solid #cfcfcf;\n\t\t\t}\n\t\t\t#gallery-1 .gallery-caption {\n\t\t\t\tmargin-left: 0;\n\t\t\t}\n\t\t\t\/* see gallery_shortcode() in wp-includes\/media.php *\/\n\t\t<\/style>\n\t\t<div id='gallery-1' class='gallery galleryid-666 gallery-columns-3 gallery-size-thumbnail'><dl class='gallery-item'>\n\t\t\t<dt class='gallery-icon portrait'>\n\t\t\t\t<a data-postid=\"fsg_post_666\" data-imgid=\"1314\" href='https:\/\/tatjanailic.rs\/wp-content\/uploads\/2013\/11\/SCAN1496_Page_28.jpg'><img width=\"150\" height=\"150\" src=\"https:\/\/tatjanailic.rs\/wp-content\/uploads\/2013\/11\/SCAN1496_Page_28-150x150.jpg\" class=\"attachment-thumbnail size-thumbnail\" alt=\"\" decoding=\"async\" loading=\"lazy\" \/><\/a>\n\t\t\t<\/dt><\/dl><dl class='gallery-item'>\n\t\t\t<dt class='gallery-icon portrait'>\n\t\t\t\t<a data-postid=\"fsg_post_666\" data-imgid=\"667\" href='https:\/\/tatjanailic.rs\/wp-content\/uploads\/2013\/11\/147.jpg'><img width=\"150\" height=\"150\" src=\"https:\/\/tatjanailic.rs\/wp-content\/uploads\/2013\/11\/147-150x150.jpg\" class=\"attachment-thumbnail size-thumbnail\" alt=\"\" decoding=\"async\" loading=\"lazy\" \/><\/a>\n\t\t\t<\/dt><\/dl><dl class='gallery-item'>\n\t\t\t<dt class='gallery-icon portrait'>\n\t\t\t\t<a data-postid=\"fsg_post_666\" data-imgid=\"668\" href='https:\/\/tatjanailic.rs\/wp-content\/uploads\/2013\/11\/220.jpg'><img width=\"150\" height=\"150\" src=\"https:\/\/tatjanailic.rs\/wp-content\/uploads\/2013\/11\/220-150x150.jpg\" class=\"attachment-thumbnail size-thumbnail\" alt=\"\" decoding=\"async\" loading=\"lazy\" \/><\/a>\n\t\t\t<\/dt><\/dl><br style=\"clear: both\" \/><dl class='gallery-item'>\n\t\t\t<dt class='gallery-icon portrait'>\n\t\t\t\t<a data-postid=\"fsg_post_666\" data-imgid=\"669\" href='https:\/\/tatjanailic.rs\/wp-content\/uploads\/2013\/11\/318.jpg'><img width=\"150\" height=\"150\" src=\"https:\/\/tatjanailic.rs\/wp-content\/uploads\/2013\/11\/318-150x150.jpg\" class=\"attachment-thumbnail size-thumbnail\" alt=\"\" decoding=\"async\" loading=\"lazy\" \/><\/a>\n\t\t\t<\/dt><\/dl><dl class='gallery-item'>\n\t\t\t<dt class='gallery-icon landscape'>\n\t\t\t\t<a data-postid=\"fsg_post_666\" data-imgid=\"670\" href='https:\/\/tatjanailic.rs\/wp-content\/uploads\/2013\/11\/417.jpg'><img width=\"150\" height=\"150\" src=\"https:\/\/tatjanailic.rs\/wp-content\/uploads\/2013\/11\/417-150x150.jpg\" class=\"attachment-thumbnail size-thumbnail\" alt=\"\" decoding=\"async\" loading=\"lazy\" \/><\/a>\n\t\t\t<\/dt><\/dl>\n\t\t\t<br style='clear: both' \/>\n\t\t<\/div>\n\n<p>RAD &#8220;URBANI KLO\u0160AR U MUZEJU REVOLUCIJE \/ SAVREMENE UMETNOSTI&#8221;, U OKVIRU IZLO\u017dBE \u010cETIRI MAJSTORA IZ NEKADA\u0160NJE KLASE JANNISA KOUNELLISA (CHRISTIANE L\u00d6HR, SANDRA VOETS, HARALD HOFMANN, TATJANA ILI\u0106) &#8220;STEHEND GEHEND&#8221;, MUZEJ SAVREMENE UMETNOSTI, NOVI SAD, 2005.<\/p>\n","protected":false},"excerpt":{"rendered":"<p>RAD &#8220;URBANI KLO\u0160AR U MUZEJU REVOLUCIJE \/ SAVREMENE UMETNOSTI&#8221;, U OKVIRU IZLO\u017dBE \u010cETIRI MAJSTORA IZ NEKADA\u0160NJE KLASE JANNISA KOUNELLISA (CHRISTIANE L\u00d6HR, SANDRA VOETS, HARALD HOFMANN, TATJANA ILI\u0106) &#8220;STEHEND GEHEND&#8221;, MUZEJ SAVREMENE UMETNOSTI, NOVI SAD, 2005.<\/p>\n","protected":false},"author":1,"featured_media":0,"parent":0,"menu_order":0,"comment_status":"closed","ping_status":"closed","template":"","meta":[],"_links":{"self":[{"href":"https:\/\/tatjanailic.rs\/index.php?rest_route=\/wp\/v2\/pages\/666"}],"collection":[{"href":"https:\/\/tatjanailic.rs\/index.php?rest_route=\/wp\/v2\/pages"}],"about":[{"href":"https:\/\/tatjanailic.rs\/index.php?rest_route=\/wp\/v2\/types\/page"}],"author":[{"embeddable":true,"href":"https:\/\/tatjanailic.rs\/index.php?rest_route=\/wp\/v2\/users\/1"}],"replies":[{"embeddable":true,"href":"https:\/\/tatjanailic.rs\/index.php?rest_route=%2Fwp%2Fv2%2Fcomments&post=666"}],"version-history":[{"count":2,"href":"https:\/\/tatjanailic.rs\/index.php?rest_route=\/wp\/v2\/pages\/666\/revisions"}],"predecessor-version":[{"id":1315,"href":"https:\/\/tatjanailic.rs\/index.php?rest_route=\/wp\/v2\/pages\/666\/revisions\/1315"}],"wp:attachment":[{"href":"https:\/\/tatjanailic.rs\/index.php?rest_route=%2Fwp%2Fv2%2Fmedia&parent=666"}],"curies":[{"name":"wp","href":"https:\/\/api.w.org\/{rel}","templated":true}]}}